{"id":11422,"date":"2020-06-10T18:03:45","date_gmt":"2020-06-10T18:03:45","guid":{"rendered":"https:\/\/mmpadvocats.predev.eu\/contact\/"},"modified":"2025-10-06T09:59:32","modified_gmt":"2025-10-06T09:59:32","slug":"contacto","status":"publish","type":"page","link":"https:\/\/www.mmpadvocats.cat\/es\/contacto\/","title":{"rendered":"Contacto"},"content":{"rendered":"\t\t<div data-elementor-type=\"wp-page\" data-elementor-id=\"11422\" class=\"elementor elementor-11422 elementor-415\">\n\t\t\t\t\t\t<section class=\"elementor-section elementor-top-section elementor-element elementor-element-2ab3f89 elementor-section-boxed elementor-section-height-default elementor-section-height-default\" data-id=\"2ab3f89\" data-element_type=\"section\" data-e-type=\"section\">\n\t\t\t\t\t\t<div class=\"elementor-container elementor-column-gap-default\">\n\t\t\t\t\t<div class=\"elementor-column elementor-col-33 elementor-top-column elementor-element elementor-element-b1af21f\" data-id=\"b1af21f\" data-element_type=\"column\" data-e-type=\"column\">\n\t\t\t<div class=\"elementor-widget-wrap elementor-element-populated\">\n\t\t\t\t\t\t<div class=\"elementor-element elementor-element-59ae378 elementor-widget elementor-widget-witr_section_service\" data-id=\"59ae378\" data-element_type=\"widget\" data-e-type=\"widget\" data-widget_type=\"witr_section_service.default\">\n\t\t\t\t<div class=\"elementor-widget-container\">\n\t\t\t\t\t\t\t\n\t\t\t<div class=\"service-item all_color_service same2 text-center  \">\n\t\t\t\t<div class=\"service_top_image\">\n\t\t\t\t\t<!-- image -->\n\t\t\t\t\t\t\t\t\n\t\t\t\t<\/div>\n\t\t\t\t<div class=\"text_box all_icon_color\">\n\t\t\t\t\t<!-- icon -->\n\t\t\t\t\t\t\t\t\t\t\t<i class=\"flaticon flaticon-map\"><\/i>\n\t\t\t\t\t\t\t\t\t\t<!-- custom icon -->\n\t\t\t\t\t\t\t\t\t\n\t\t\t\t\t<!-- image -->\n\t\t\t\t\t\t\n\t\t\t\t\t<!-- title -->\n\t\t\t\t\t\t\t\t\t\t\t\t\t\t\t<h3>Olost <\/h3>\n\t\t\t\t\t\t\t\t\t\t\t\t\t\t\t<!-- content -->\n\t\t\t\t\t\t\t\t\t\t\t<p>Cr. Doctor Adell, 4<br>\n08516 Olost<br>\n<a href=\"tel:+34938 880 545\">+34 938 880 545 <\/a> <\/p>\t\t\n\t\t\t\t\t\t\t\t\t\t<!-- button -->\n\t\t\t\t\t\t\t\t\t\n\t\t\t\t<\/div> <!-- text_box -->\t\t\t\t\t\t\t\n\t\t\t<\/div> <!-- service item -->\t\t\t\t\t\t\t\n \t\t\t\t\t\t<\/div>\n\t\t\t\t<\/div>\n\t\t\t\t\t<\/div>\n\t\t<\/div>\n\t\t\t\t<div class=\"elementor-column elementor-col-33 elementor-top-column elementor-element elementor-element-21270fa\" data-id=\"21270fa\" data-element_type=\"column\" data-e-type=\"column\">\n\t\t\t<div class=\"elementor-widget-wrap elementor-element-populated\">\n\t\t\t\t\t\t<div class=\"elementor-element elementor-element-eada554 elementor-widget elementor-widget-witr_section_service\" data-id=\"eada554\" data-element_type=\"widget\" data-e-type=\"widget\" data-widget_type=\"witr_section_service.default\">\n\t\t\t\t<div class=\"elementor-widget-container\">\n\t\t\t\t\t\t\t\n\t\t\t<div class=\"service-item all_color_service same2 text-center  \">\n\t\t\t\t<div class=\"service_top_image\">\n\t\t\t\t\t<!-- image -->\n\t\t\t\t\t\t\t\t\n\t\t\t\t<\/div>\n\t\t\t\t<div class=\"text_box all_icon_color\">\n\t\t\t\t\t<!-- icon -->\n\t\t\t\t\t\t\t\t\t\t\t<i class=\"flaticon flaticon-map\"><\/i>\n\t\t\t\t\t\t\t\t\t\t<!-- custom icon -->\n\t\t\t\t\t\t\t\t\t\n\t\t\t\t\t<!-- image -->\n\t\t\t\t\t\t\n\t\t\t\t\t<!-- title -->\n\t\t\t\t\t\t\t\t\t\t\t\t\t\t\t<h3>Prats de Llu\u00e7an\u00e8s <\/h3>\n\t\t\t\t\t\t\t\t\t\t\t\t\t\t\t<!-- content -->\n\t\t\t\t\t\t\t\t\t\t\t<p>Passeig Llu\u00e7an\u00e8s, 37 bxs<br>\n08513 Prats de Llu\u00e7an\u00e8s<br>\n<a href=\"tel:+34938508022\">+34 938 508 022 <\/a> <\/p>\t\t\n\t\t\t\t\t\t\t\t\t\t<!-- button -->\n\t\t\t\t\t\t\t\t\t\n\t\t\t\t<\/div> <!-- text_box -->\t\t\t\t\t\t\t\n\t\t\t<\/div> <!-- service item -->\t\t\t\t\t\t\t\n \t\t\t\t\t\t<\/div>\n\t\t\t\t<\/div>\n\t\t\t\t\t<\/div>\n\t\t<\/div>\n\t\t\t\t<div class=\"elementor-column elementor-col-33 elementor-top-column elementor-element elementor-element-7d9383b\" data-id=\"7d9383b\" data-element_type=\"column\" data-e-type=\"column\">\n\t\t\t<div class=\"elementor-widget-wrap elementor-element-populated\">\n\t\t\t\t\t\t<div class=\"elementor-element elementor-element-9b47572 elementor-widget elementor-widget-witr_section_service\" data-id=\"9b47572\" data-element_type=\"widget\" data-e-type=\"widget\" data-widget_type=\"witr_section_service.default\">\n\t\t\t\t<div class=\"elementor-widget-container\">\n\t\t\t\t\t\t\t\n\t\t\t<div class=\"service-item all_color_service same2 text-center  \">\n\t\t\t\t<div class=\"service_top_image\">\n\t\t\t\t\t<!-- image -->\n\t\t\t\t\t\t\t\t\n\t\t\t\t<\/div>\n\t\t\t\t<div class=\"text_box all_icon_color\">\n\t\t\t\t\t<!-- icon -->\n\t\t\t\t\t\t\t\t\t\t\t<i class=\"flaticon flaticon-mail\"><\/i>\n\t\t\t\t\t\t\t\t\t\t<!-- custom icon -->\n\t\t\t\t\t\t\t\t\t\n\t\t\t\t\t<!-- image -->\n\t\t\t\t\t\t\n\t\t\t\t\t<!-- title -->\n\t\t\t\t\t\t\t\t\t\t\t\t\t\t\t<h3>Email\n <\/h3>\n\t\t\t\t\t\t\t\t\t\t\t\t\t\t\t<!-- content -->\n\t\t\t\t\t\t\t\t\t\t\t<p><a href=\"mailto:info@mmpadvocats.cat \">info@mmpadvocats.cat <\/a> <\/p>\t\t\n\t\t\t\t\t\t\t\t\t\t<!-- button -->\n\t\t\t\t\t\t\t\t\t\n\t\t\t\t<\/div> <!-- text_box -->\t\t\t\t\t\t\t\n\t\t\t<\/div> <!-- service item -->\t\t\t\t\t\t\t\n \t\t\t\t\t\t<\/div>\n\t\t\t\t<\/div>\n\t\t\t\t\t<\/div>\n\t\t<\/div>\n\t\t\t\t\t<\/div>\n\t\t<\/section>\n\t\t\t\t<section class=\"elementor-section elementor-top-section elementor-element elementor-element-b934bd1 elementor-section-boxed elementor-section-height-default elementor-section-height-default\" data-id=\"b934bd1\" data-element_type=\"section\" data-e-type=\"section\" data-settings=\"{&quot;background_background&quot;:&quot;classic&quot;}\">\n\t\t\t\t\t\t<div class=\"elementor-container elementor-column-gap-default\">\n\t\t\t\t\t<div class=\"elementor-column elementor-col-50 elementor-top-column elementor-element elementor-element-ee3b31f\" data-id=\"ee3b31f\" data-element_type=\"column\" data-e-type=\"column\">\n\t\t\t<div class=\"elementor-widget-wrap elementor-element-populated\">\n\t\t\t\t\t\t<div class=\"elementor-element elementor-element-23b924e poket-star-rating--align-center elementor-widget elementor-widget-witr_section_apartment\" data-id=\"23b924e\" data-element_type=\"widget\" data-e-type=\"widget\" data-widget_type=\"witr_section_apartment.default\">\n\t\t\t\t<div class=\"elementor-widget-container\">\n\t\t\t\t\t\n\t\t\t\t\t<div class=\"apartment_area\">\t\t\t\t\n\t\t\t\t\t\t<div class=\"apartment_text\">\t\t\n\t\t\t\t\t\t\t<!-- title -->\n\t\t\t\t\t\t\t\t\t\t\t\t\t\t\t<h1>Contacto<\/h1>\n\t\t\t\t\t\t\t\t\t\n\t\t\t\t\t\t\t<!-- content -->\n\t\t\t\t\t\t\t\t\t\t\t\t\t\t\t<h2>Haz una consulta <\/h2>\t\t\n\t\t\t\t\t\t\t\t\t\t\t\t\t\t\n\t\t\t\t\t\t<\/div>\t\t\n\t\t\t\t\t\t<div class=\"witr_apartment_form\">\t\t\t\t\t\n\t\t\t\t\t\t\n<div class=\"wpcf7 no-js\" id=\"wpcf7-f11440-o1\" lang=\"es-ES\" dir=\"ltr\" data-wpcf7-id=\"11440\">\n<div class=\"screen-reader-response\"><p role=\"status\" aria-live=\"polite\" aria-atomic=\"true\"><\/p> <ul><\/ul><\/div>\n<form action=\"\/es\/wp-json\/wp\/v2\/pages\/11422#wpcf7-f11440-o1\" method=\"post\" class=\"wpcf7-form init\" aria-label=\"Formulario de contacto\" novalidate=\"novalidate\" data-status=\"init\">\n<fieldset class=\"hidden-fields-container\"><input type=\"hidden\" name=\"_wpcf7\" value=\"11440\" \/><input type=\"hidden\" name=\"_wpcf7_version\" value=\"6.1.5\" \/><input type=\"hidden\" name=\"_wpcf7_locale\" value=\"es_ES\" \/><input type=\"hidden\" name=\"_wpcf7_unit_tag\" value=\"wpcf7-f11440-o1\" \/><input type=\"hidden\" name=\"_wpcf7_container_post\" value=\"0\" \/><input type=\"hidden\" name=\"_wpcf7_posted_data_hash\" value=\"\" \/><input type=\"hidden\" name=\"_wpcf7_recaptcha_response\" value=\"\" \/>\n<\/fieldset>\n<div class=\"row\">\n\t<div class=\"col-lg-12 col-md-12\">\n\t\t<div class=\"twr_form_box\">\n\t\t\t<p>[text* text-30 class:form-control placeholder \"Nom*\" aria-label \"Nom*\"]\n\t\t\t<\/p>\n\t\t<\/div>\n\t<\/div>\n\t<div class=\"col-lg-12 col-md-12\">\n\t\t<div class=\"twr_form_box\">\n\t\t\t<p>[email* email-380 class:form-control placeholder \"Email*\" aria-label \"Email*\"]\n\t\t\t<\/p>\n\t\t<\/div>\n\t<\/div>\n\t<div class=\"col-lg-12 col-md-12\">\n\t\t<div class=\"twr_form_box\">\n\t\t\t<p>[text* subject class:form-control placeholder \"Assumpte*\" aria-label \"Assumpte*\"]\n\t\t\t<\/p>\n\t\t<\/div>\n\t<\/div>\n\t<div class=\"col-lg-12 col-md-12\">\n\t\t<div class=\"twr_form_box \">\n\t\t\t<p>[textarea* textarea rows:6 class:form-control placeholder \"Missatge*\" aria-label \"Missatge*\"]\n\t\t\t<\/p>\n\t\t<\/div>\n\t\t<div class=\"twr_form_box \">\n\t\t\t<p><span class=\"wpcf7-form-control-wrap\" data-name=\"acceptance-282\"><span class=\"wpcf7-form-control wpcf7-acceptance optional\"><span class=\"wpcf7-list-item\"><label><input type=\"checkbox\" name=\"acceptance-282\" value=\"1\" aria-invalid=\"false\" \/><span class=\"wpcf7-list-item-label\">He llegit i accepto la <a href=\"https:\/\/www.mmpadvocats.cat\/politica-de-privacitat\/\" target=\"_blank\">pol\u00edtica de privacitat<\/a><\/span><\/label><\/span><\/span><\/span>\n\t\t\t<\/p>\n\t\t<\/div>\n\t\t<p><button type=\"submit\" class=\"btn btn-primary\">Enviar<\/button>\n\t\t<\/p>\n\t<\/div>\n<\/div><div class=\"wpcf7-response-output\" aria-hidden=\"true\"><\/div>\n<\/form>\n<\/div>\n\t\t\t\t\t\t\t\t\n\t\t\t\t\t\t<\/div>\n\t\t\t\t\t<\/div>\t\t\t\t\t\n\t\t\n\t\t\t\t\t\t<\/div>\n\t\t\t\t<\/div>\n\t\t\t\t\t<\/div>\n\t\t<\/div>\n\t\t\t\t<div class=\"elementor-column elementor-col-50 elementor-top-column elementor-element elementor-element-0300759\" data-id=\"0300759\" data-element_type=\"column\" data-e-type=\"column\">\n\t\t\t<div class=\"elementor-widget-wrap\">\n\t\t\t\t\t\t\t<\/div>\n\t\t<\/div>\n\t\t\t\t\t<\/div>\n\t\t<\/section>\n\t\t\t\t<section class=\"elementor-section elementor-top-section elementor-element elementor-element-4c1f1bd elementor-section-full_width elementor-section-height-default elementor-section-height-default\" data-id=\"4c1f1bd\" data-element_type=\"section\" data-e-type=\"section\">\n\t\t\t\t\t\t<div class=\"elementor-container elementor-column-gap-no\">\n\t\t\t\t\t<div class=\"elementor-column elementor-col-100 elementor-top-column elementor-element elementor-element-5e4bf83\" data-id=\"5e4bf83\" data-element_type=\"column\" data-e-type=\"column\">\n\t\t\t<div class=\"elementor-widget-wrap elementor-element-populated\">\n\t\t\t\t\t\t<div class=\"elementor-element elementor-element-c9bb51b elementor-widget elementor-widget-google_maps\" data-id=\"c9bb51b\" data-element_type=\"widget\" data-e-type=\"widget\" data-widget_type=\"google_maps.default\">\n\t\t\t\t\t\t\t<div class=\"elementor-custom-embed\">\n\t\t\t<iframe loading=\"lazy\"\n\t\t\t\t\tsrc=\"https:\/\/maps.google.com\/maps?q=Margarita%20Masramon%20Petitb%C3%B2&#038;t=m&#038;z=12&#038;output=embed&#038;iwloc=near\"\n\t\t\t\t\ttitle=\"Margarita Masramon Petitb\u00f2\"\n\t\t\t\t\taria-label=\"Margarita Masramon Petitb\u00f2\"\n\t\t\t><\/iframe>\n\t\t<\/div>\n\t\t\t\t\t\t<\/div>\n\t\t\t\t\t<\/div>\n\t\t<\/div>\n\t\t\t\t\t<\/div>\n\t\t<\/section>\n\t\t\t\t<\/div>\n\t\t","protected":false},"excerpt":{"rendered":"<p>Olost Cr. Doctor Adell, 4 08516 Olost +34 938 880 545 Prats de Llu\u00e7an\u00e8s Passeig Llu\u00e7an\u00e8s, 37 bxs 08513 Prats de Llu\u00e7an\u00e8s +34 938 508 022 Email info@mmpadvocats.cat Contacto Haz una consulta He llegit i accepto la pol\u00edtica de privacitat Enviar<\/p>\n","protected":false},"author":2,"featured_media":0,"parent":0,"menu_order":0,"comment_status":"closed","ping_status":"closed","template":"template-home.php","meta":{"footnotes":""},"class_list":["post-11422","page","type-page","status-publish","hentry"],"yoast_head":"<!-- This site is optimized with the Yoast SEO plugin v27.5 - https:\/\/yoast.com\/product\/yoast-seo-wordpress\/ -->\n<title>Contacta con Expertos en Derecho Fiscal y Tributario<\/title>\n<meta name=\"description\" content=\"\u00bfNecesitas asesoramiento en derecho fiscal y tributario? Contacta con MMP Advocats y recibe soporte legal experto por empresas y particulares.\" \/>\n<meta name=\"robots\" content=\"index, follow, max-snippet:-1, max-image-preview:large, max-video-preview:-1\" \/>\n<link rel=\"canonical\" href=\"https:\/\/www.mmpadvocats.cat\/contact\/\" \/>\n<meta property=\"og:locale\" content=\"es_ES\" \/>\n<meta property=\"og:type\" content=\"article\" \/>\n<meta property=\"og:title\" content=\"Contacta con Expertos en Derecho Fiscal y Tributario\" \/>\n<meta property=\"og:description\" content=\"\u00bfNecesitas asesoramiento en derecho fiscal y tributario? Contacta con MMP Advocats y recibe soporte legal experto por empresas y particulares.\" \/>\n<meta property=\"og:url\" content=\"https:\/\/www.mmpadvocats.cat\/contact\/\" \/>\n<meta property=\"og:site_name\" content=\"MMP Advocats\" \/>\n<meta property=\"article:modified_time\" content=\"2025-10-06T09:59:32+00:00\" \/>\n<meta name=\"twitter:card\" content=\"summary_large_image\" \/>\n<meta name=\"twitter:label1\" content=\"Tiempo de lectura\" \/>\n\t<meta name=\"twitter:data1\" content=\"1 minuto\" \/>\n<script type=\"application\/ld+json\" class=\"yoast-schema-graph\">{\"@context\":\"https:\\\/\\\/schema.org\",\"@graph\":[{\"@type\":\"WebPage\",\"@id\":\"https:\\\/\\\/www.mmpadvocats.cat\\\/contact\\\/\",\"url\":\"https:\\\/\\\/www.mmpadvocats.cat\\\/contact\\\/\",\"name\":\"Contacta con Expertos en Derecho Fiscal y Tributario\",\"isPartOf\":{\"@id\":\"https:\\\/\\\/www.mmpadvocats.cat\\\/#website\"},\"datePublished\":\"2020-06-10T18:03:45+00:00\",\"dateModified\":\"2025-10-06T09:59:32+00:00\",\"description\":\"\u00bfNecesitas asesoramiento en derecho fiscal y tributario? Contacta con MMP Advocats y recibe soporte legal experto por empresas y particulares.\",\"breadcrumb\":{\"@id\":\"https:\\\/\\\/www.mmpadvocats.cat\\\/contact\\\/#breadcrumb\"},\"inLanguage\":\"es\",\"potentialAction\":[{\"@type\":\"ReadAction\",\"target\":[\"https:\\\/\\\/www.mmpadvocats.cat\\\/contact\\\/\"]}]},{\"@type\":\"BreadcrumbList\",\"@id\":\"https:\\\/\\\/www.mmpadvocats.cat\\\/contact\\\/#breadcrumb\",\"itemListElement\":[{\"@type\":\"ListItem\",\"position\":1,\"name\":\"Inici\",\"item\":\"https:\\\/\\\/www.mmpadvocats.cat\\\/\"},{\"@type\":\"ListItem\",\"position\":2,\"name\":\"Contacto\"}]},{\"@type\":\"WebSite\",\"@id\":\"https:\\\/\\\/www.mmpadvocats.cat\\\/#website\",\"url\":\"https:\\\/\\\/www.mmpadvocats.cat\\\/\",\"name\":\"MMP Advocats\",\"description\":\"\",\"publisher\":{\"@id\":\"https:\\\/\\\/www.mmpadvocats.cat\\\/#organization\"},\"potentialAction\":[{\"@type\":\"SearchAction\",\"target\":{\"@type\":\"EntryPoint\",\"urlTemplate\":\"https:\\\/\\\/www.mmpadvocats.cat\\\/?s={search_term_string}\"},\"query-input\":{\"@type\":\"PropertyValueSpecification\",\"valueRequired\":true,\"valueName\":\"search_term_string\"}}],\"inLanguage\":\"es\"},{\"@type\":\"Organization\",\"@id\":\"https:\\\/\\\/www.mmpadvocats.cat\\\/#organization\",\"name\":\"MMP Advocats\",\"url\":\"https:\\\/\\\/www.mmpadvocats.cat\\\/\",\"logo\":{\"@type\":\"ImageObject\",\"inLanguage\":\"es\",\"@id\":\"https:\\\/\\\/www.mmpadvocats.cat\\\/#\\\/schema\\\/logo\\\/image\\\/\",\"url\":\"https:\\\/\\\/www.mmpadvocats.cat\\\/wp-content\\\/uploads\\\/2025\\\/07\\\/Logo-MMP-SenseFons.webp\",\"contentUrl\":\"https:\\\/\\\/www.mmpadvocats.cat\\\/wp-content\\\/uploads\\\/2025\\\/07\\\/Logo-MMP-SenseFons.webp\",\"width\":512,\"height\":158,\"caption\":\"MMP Advocats\"},\"image\":{\"@id\":\"https:\\\/\\\/www.mmpadvocats.cat\\\/#\\\/schema\\\/logo\\\/image\\\/\"}}]}<\/script>\n<!-- \/ Yoast SEO plugin. -->","yoast_head_json":{"title":"Contacta con Expertos en Derecho Fiscal y Tributario","description":"\u00bfNecesitas asesoramiento en derecho fiscal y tributario? Contacta con MMP Advocats y recibe soporte legal experto por empresas y particulares.","robots":{"index":"index","follow":"follow","max-snippet":"max-snippet:-1","max-image-preview":"max-image-preview:large","max-video-preview":"max-video-preview:-1"},"canonical":"https:\/\/www.mmpadvocats.cat\/contact\/","og_locale":"es_ES","og_type":"article","og_title":"Contacta con Expertos en Derecho Fiscal y Tributario","og_description":"\u00bfNecesitas asesoramiento en derecho fiscal y tributario? Contacta con MMP Advocats y recibe soporte legal experto por empresas y particulares.","og_url":"https:\/\/www.mmpadvocats.cat\/contact\/","og_site_name":"MMP Advocats","article_modified_time":"2025-10-06T09:59:32+00:00","twitter_card":"summary_large_image","twitter_misc":{"Tiempo de lectura":"1 minuto"},"schema":{"@context":"https:\/\/schema.org","@graph":[{"@type":"WebPage","@id":"https:\/\/www.mmpadvocats.cat\/contact\/","url":"https:\/\/www.mmpadvocats.cat\/contact\/","name":"Contacta con Expertos en Derecho Fiscal y Tributario","isPartOf":{"@id":"https:\/\/www.mmpadvocats.cat\/#website"},"datePublished":"2020-06-10T18:03:45+00:00","dateModified":"2025-10-06T09:59:32+00:00","description":"\u00bfNecesitas asesoramiento en derecho fiscal y tributario? Contacta con MMP Advocats y recibe soporte legal experto por empresas y particulares.","breadcrumb":{"@id":"https:\/\/www.mmpadvocats.cat\/contact\/#breadcrumb"},"inLanguage":"es","potentialAction":[{"@type":"ReadAction","target":["https:\/\/www.mmpadvocats.cat\/contact\/"]}]},{"@type":"BreadcrumbList","@id":"https:\/\/www.mmpadvocats.cat\/contact\/#breadcrumb","itemListElement":[{"@type":"ListItem","position":1,"name":"Inici","item":"https:\/\/www.mmpadvocats.cat\/"},{"@type":"ListItem","position":2,"name":"Contacto"}]},{"@type":"WebSite","@id":"https:\/\/www.mmpadvocats.cat\/#website","url":"https:\/\/www.mmpadvocats.cat\/","name":"MMP Advocats","description":"","publisher":{"@id":"https:\/\/www.mmpadvocats.cat\/#organization"},"potentialAction":[{"@type":"SearchAction","target":{"@type":"EntryPoint","urlTemplate":"https:\/\/www.mmpadvocats.cat\/?s={search_term_string}"},"query-input":{"@type":"PropertyValueSpecification","valueRequired":true,"valueName":"search_term_string"}}],"inLanguage":"es"},{"@type":"Organization","@id":"https:\/\/www.mmpadvocats.cat\/#organization","name":"MMP Advocats","url":"https:\/\/www.mmpadvocats.cat\/","logo":{"@type":"ImageObject","inLanguage":"es","@id":"https:\/\/www.mmpadvocats.cat\/#\/schema\/logo\/image\/","url":"https:\/\/www.mmpadvocats.cat\/wp-content\/uploads\/2025\/07\/Logo-MMP-SenseFons.webp","contentUrl":"https:\/\/www.mmpadvocats.cat\/wp-content\/uploads\/2025\/07\/Logo-MMP-SenseFons.webp","width":512,"height":158,"caption":"MMP Advocats"},"image":{"@id":"https:\/\/www.mmpadvocats.cat\/#\/schema\/logo\/image\/"}}]}},"_links":{"self":[{"href":"https:\/\/www.mmpadvocats.cat\/es\/wp-json\/wp\/v2\/pages\/11422","targetHints":{"allow":["GET"]}}],"collection":[{"href":"https:\/\/www.mmpadvocats.cat\/es\/wp-json\/wp\/v2\/pages"}],"about":[{"href":"https:\/\/www.mmpadvocats.cat\/es\/wp-json\/wp\/v2\/types\/page"}],"author":[{"embeddable":true,"href":"https:\/\/www.mmpadvocats.cat\/es\/wp-json\/wp\/v2\/users\/2"}],"replies":[{"embeddable":true,"href":"https:\/\/www.mmpadvocats.cat\/es\/wp-json\/wp\/v2\/comments?post=11422"}],"version-history":[{"count":5,"href":"https:\/\/www.mmpadvocats.cat\/es\/wp-json\/wp\/v2\/pages\/11422\/revisions"}],"predecessor-version":[{"id":11541,"href":"https:\/\/www.mmpadvocats.cat\/es\/wp-json\/wp\/v2\/pages\/11422\/revisions\/11541"}],"wp:attachment":[{"href":"https:\/\/www.mmpadvocats.cat\/es\/wp-json\/wp\/v2\/media?parent=11422"}],"curies":[{"name":"wp","href":"https:\/\/api.w.org\/{rel}","templated":true}]}}